{"id":7252,"date":"2021-02-16T16:09:50","date_gmt":"2021-02-16T15:09:50","guid":{"rendered":"https:\/\/uncouth808.studio\/?post_type=product&#038;p=7252"},"modified":"2021-02-16T16:11:11","modified_gmt":"2021-02-16T15:11:11","slug":"true-religion-rocco-blue-destroyed-jeans","status":"publish","type":"product","link":"https:\/\/uncouth808.studio\/en\/shop\/all\/true-religion-rocco-blue-destroyed-jeans\/","title":{"rendered":"True Religion &#8211; Rocco &#8211; Blue Destroyed Jeans"},"content":{"rendered":"<p>&nbsp;<\/p>\n<ul>\n<li>Verk\u00fcrzte Leibh\u00f6he<\/li>\n<li>Gerades Bein<\/li>\n<li>Button-Fly-Verschluss<\/li>\n<li>5-Pocket-Style<\/li>\n<li>Label-Badge am Bund<\/li>\n<li>Used-Waschung<\/li>\n<li>Destroyed-Effekte<\/li>\n<li>Sitzfaltenoptik<\/li>\n<li>Elastische Verarbeitung<\/li>\n<li>Schmaler Schnitt<\/li>\n<li>Mittlere Bundh\u00f6he<\/li>\n<li>Passform laut Hersteller: Relaxed Skinny Fit<\/li>\n<li>Baumwollgemisch<\/li>\n<\/ul>","protected":false},"excerpt":{"rendered":"<ul>\n<li>94% Baumwolle<\/li>\n<li>4% Polyester<\/li>\n<li>2% Elasthan<\/li>\n<li>f\u00e4llt gr\u00f6\u00dfengetreu aus<\/li>\n<li>Schonwaschgang (30\u00b0C)Das Model ist 1,78m gro\u00df und tr\u00e4gt Gr\u00f6\u00dfe 26<\/li>\n<\/ul>\n<p> <a class=\"more-link\" href=\"https:\/\/uncouth808.studio\/en\/shop\/all\/true-religion-rocco-blue-destroyed-jeans\/\">Read more<\/a><\/p>","protected":false},"featured_media":7260,"comment_status":"closed","ping_status":"closed","template":"","meta":[],"_links":{"self":[{"href":"https:\/\/uncouth808.studio\/en\/wp-json\/wp\/v2\/product\/7252"}],"collection":[{"href":"https:\/\/uncouth808.studio\/en\/wp-json\/wp\/v2\/product"}],"about":[{"href":"https:\/\/uncouth808.studio\/en\/wp-json\/wp\/v2\/types\/product"}],"replies":[{"embeddable":true,"href":"https:\/\/uncouth808.studio\/en\/wp-json\/wp\/v2\/comments?post=7252"}],"wp:featuredmedia":[{"embeddable":true,"href":"https:\/\/uncouth808.studio\/en\/wp-json\/wp\/v2\/media\/7260"}],"wp:attachment":[{"href":"https:\/\/uncouth808.studio\/en\/wp-json\/wp\/v2\/media?parent=7252"}],"curies":[{"name":"wp","href":"https:\/\/api.w.org\/{rel}","templated":true}]}}