{"id":7498,"date":"2021-03-17T16:16:06","date_gmt":"2021-03-17T15:16:06","guid":{"rendered":"https:\/\/uncouth808.studio\/?post_type=product&#038;p=7498"},"modified":"2021-03-17T16:55:19","modified_gmt":"2021-03-17T15:55:19","slug":"floris-van-bommel-sneaker-weiss","status":"publish","type":"product","link":"https:\/\/uncouth808.studio\/en\/shop\/all\/floris-van-bommel-sneaker-weiss\/","title":{"rendered":"FLORIS VAN BOMMEL &#8211; Sneaker weiss"},"content":{"rendered":"<p>Die Kombination aus verschiedenen Farben und Materialien macht diesen SNEAKER zu einem ganz besonderen Modell. Der Sportliche SNEAKER ist aus einem Farb-Mix -Grau und wei\u00dfem Leder \/ Gummiprofilsohle New Design zweifarbig wei\u00df- blau<\/p>\n<p>Auf Wunsch kann\u00a0 man einen passenden G\u00fcrtel dazu bestellen L\u00e4nge kann von 80-105cm geordert werden<\/p>","protected":false},"excerpt":{"rendered":"<p>Innen ist der Schuh mit einem\u00a0<span class=\"modal_lexicon\"><a href=\"https:\/\/www.schuhe24.de\/lexikon-cromfrei-gegerbtem-leder\/\">cromfrei gegerbtem Leder<\/a><\/span>\u00a0ausgestattet. Die\u00a0<span class=\"modal_lexicon\"><a href=\"https:\/\/www.schuhe24.de\/lexikon-laufsohle\/\">Laufsohle<\/a><\/span>\u00a0ist aus Gummi. Die speziell entwickelte Luftpolstersohle bietet eine optimale D\u00e4mpfung und guten\u00a0<span class=\"modal_lexicon\"><a href=\"https:\/\/www.schuhe24.de\/lexikon-tragekomfort\/\">Tragekomfort<\/a><\/span>. Die runde\u00a0<span class=\"modal_lexicon\"><a href=\"https:\/\/www.schuhe24.de\/lexikon-schuhspitze\/\">Schuhspitze<\/a><\/span>\u00a0macht den Schuh elegant am Fu\u00df und hat gen\u00fcgend Platz f\u00fcr Ihren Fu\u00df und Ihre Fu\u00dfzehen. Dieser Schuh hat eine\u00a0<span class=\"modal_lexicon\"><a href=\"https:\/\/www.schuhe24.de\/lexikon-herausnehmbare-innensohle\/\">herausnehmbare Innensohle<\/a><\/span>\u00a0und somit ideal f\u00fcr\u00a0<span class=\"modal_lexicon\"><a href=\"https:\/\/www.schuhe24.de\/lexikon-einlagen\/\">Einlagen<\/a><\/span>\u00a0geeignet Die Schuhe sind ideal f\u00fcr die Freizeit, da Comfort,\u00a0<span class=\"modal_lexicon\"><a href=\"https:\/\/www.schuhe24.de\/lexikon-tragegefuehl\/\">Tragegef\u00fchl<\/a><\/span>\u00a0und Verarbeitung so ausgerichtet sind, dass Sie den ganzen Tag ohne Probleme tragen k\u00f6nnen.<\/p>\n<ul>\n<li>Artikel 16281\/01<\/li>\n<li>Helles Leder mehrfarbig kombiniert mit grau<\/li>\n<li>Helle Schn\u00fcrung<\/li>\n<li>\u00a0Gummilaufsohle zweifarbig<\/li>\n<li>\u00a0eine einzigartige, von Floris designte Sohle<\/li>\n<\/ul>\n<ol>\n<li style=\"list-style-type: none;\"><\/li>\n<\/ol>\n<p> <a class=\"more-link\" href=\"https:\/\/uncouth808.studio\/en\/shop\/all\/floris-van-bommel-sneaker-weiss\/\">Read more<\/a><\/p>","protected":false},"featured_media":7479,"comment_status":"closed","ping_status":"closed","template":"","meta":[],"_links":{"self":[{"href":"https:\/\/uncouth808.studio\/en\/wp-json\/wp\/v2\/product\/7498"}],"collection":[{"href":"https:\/\/uncouth808.studio\/en\/wp-json\/wp\/v2\/product"}],"about":[{"href":"https:\/\/uncouth808.studio\/en\/wp-json\/wp\/v2\/types\/product"}],"replies":[{"embeddable":true,"href":"https:\/\/uncouth808.studio\/en\/wp-json\/wp\/v2\/comments?post=7498"}],"wp:featuredmedia":[{"embeddable":true,"href":"https:\/\/uncouth808.studio\/en\/wp-json\/wp\/v2\/media\/7479"}],"wp:attachment":[{"href":"https:\/\/uncouth808.studio\/en\/wp-json\/wp\/v2\/media?parent=7498"}],"curies":[{"name":"wp","href":"https:\/\/api.w.org\/{rel}","templated":true}]}}